{"id":143,"date":"2023-03-18T18:52:45","date_gmt":"2023-03-18T18:52:45","guid":{"rendered":"https:\/\/dralucianadosanjos.com.br\/?page_id=143"},"modified":"2023-10-15T16:44:47","modified_gmt":"2023-10-15T19:44:47","slug":"colposcopia","status":"publish","type":"page","link":"https:\/\/dralucianadosanjos.com.br\/?page_id=143","title":{"rendered":"Colposcopia"},"content":{"rendered":"\n<p>A colposcopia por v\u00eddeo \u00e9 um exame realizado pelo ginecologista que permite avaliar a vagina e colo do \u00fatero de maneira detalhada atrav\u00e9s de um v\u00eddeo colposc\u00f3pio (aparelho que ilumina e amplia a vis\u00e3o, al\u00e9m de capturar a imagem digital para laudo). \u00c9 um exame parecido com a coleta de uma citologia normal, no entanto, \u00e9 um pouco mais demorado (10 a 20 minutos). \u00c9 simples e relativamente indolor, e indica o local a ser biopsiado, caso necess\u00e1rio. A complementa\u00e7\u00e3o do exame \u00e9 feita com a vulvoscopia por v\u00eddeo, ou seja, um exame feito com o mesmo aparelho, que permite identificar as les\u00f5es vulvares.<\/p>\n\n\n\n<h2 class=\"wp-block-heading\">PARA QUE SERVE?<\/h2>\n\n\n\n<p>A colposcopia \u00e9 solicitada principalmente quando se tem altera\u00e7\u00e3o no exame preventivo (conhecido tamb\u00e9m como Teste de Papanicolaou).<br>Estas altera\u00e7\u00f5es citol\u00f3gicas, na maioria das vezes, se devem \u00e0 infec\u00e7\u00e3o por alguns tipos do Papilomav\u00edrus Humano \u2013 HPV.<\/p>\n\n\n\n<p>A infec\u00e7\u00e3o pelo HPV \u00e9 muito frequente, mas transit\u00f3ria, regredindo espontaneamente na maioria das vezes. No pequeno n\u00famero de casos nos quais a infec\u00e7\u00e3o persiste e, especialmente, \u00e9 causada por um tipo viral oncog\u00eanico (com potencial para causar c\u00e2ncer), pode ocorrer o desenvolvimento de les\u00f5es precursoras.<\/p>\n\n\n\n<p>Estas, se n\u00e3o forem identificadas e tratadas, podem progredir para o c\u00e2ncer, principalmente no colo do \u00fatero, mas tamb\u00e9m na vagina, vulva ou \u00e2nus.<\/p>\n\n\n\n<p>A colposcopia permite identifica\u00e7\u00e3o e tratamento das les\u00f5es, que s\u00e3o cur\u00e1veis na quase totalidade dos casos.<\/p>\n\n\n\n<p>O c\u00e2ncer de colo uterino \u00e9 o terceiro tumor mais frequente na popula\u00e7\u00e3o feminina, atr\u00e1s do c\u00e2ncer de mama e do colorretal, e a quarta maior causa de morte de mulheres por c\u00e2ncer no Brasil.<\/p>\n\n\n\n<p>Outras indica\u00e7\u00f5es frequentes s\u00e3o: altera\u00e7\u00f5es em colo, vagina e\/ou vulva percept\u00edveis a olho nu; sangramento vaginal no momento do ato sexual, e prurido (coceira) vulvar cr\u00f4nico.<\/p>\n\n\n\n<h2 class=\"wp-block-heading\">QUAIS OS CUIDADOS NECESS\u00c1RIOS ANTES DE UMA COLPOSCOPIA?<\/h2>\n\n\n\n<p>Simplesmente a paciente deve abster-se de rela\u00e7\u00f5es sexuais nas 48 horas que precedem o exame, n\u00e3o usar nenhum creme vaginal antes do procedimento e estar fora do per\u00edodo menstrual.<\/p>\n\n\n\n<p>O exame pode ser feito em gestante sem que haja risco para ela ou para seu beb\u00ea, mas \u00e9 importante que o m\u00e9dico saiba que a paciente est\u00e1 gr\u00e1vida antes de realizar o exame.<\/p>\n","protected":false},"excerpt":{"rendered":"<p>A colposcopia por v\u00eddeo \u00e9 um exame realizado pelo ginecologista que permite avaliar a vagina e colo do \u00fatero de maneira detalhada atrav\u00e9s de um v\u00eddeo colposc\u00f3pio (aparelho que ilumina e amplia a vis\u00e3o, al\u00e9m de capturar a imagem digital para laudo). \u00c9 um exame parecido com a coleta de uma citologia normal, no entanto, [&hellip;]<\/p>\n","protected":false},"author":1,"featured_media":0,"parent":0,"menu_order":0,"comment_status":"closed","ping_status":"closed","template":"","meta":{"footnotes":""},"class_list":["post-143","page","type-page","status-publish","hentry"],"aioseo_notices":[],"_links":{"self":[{"href":"https:\/\/dralucianadosanjos.com.br\/index.php?rest_route=\/wp\/v2\/pages\/143","targetHints":{"allow":["GET"]}}],"collection":[{"href":"https:\/\/dralucianadosanjos.com.br\/index.php?rest_route=\/wp\/v2\/pages"}],"about":[{"href":"https:\/\/dralucianadosanjos.com.br\/index.php?rest_route=\/wp\/v2\/types\/page"}],"author":[{"embeddable":true,"href":"https:\/\/dralucianadosanjos.com.br\/index.php?rest_route=\/wp\/v2\/users\/1"}],"replies":[{"embeddable":true,"href":"https:\/\/dralucianadosanjos.com.br\/index.php?rest_route=%2Fwp%2Fv2%2Fcomments&post=143"}],"version-history":[{"count":2,"href":"https:\/\/dralucianadosanjos.com.br\/index.php?rest_route=\/wp\/v2\/pages\/143\/revisions"}],"predecessor-version":[{"id":248,"href":"https:\/\/dralucianadosanjos.com.br\/index.php?rest_route=\/wp\/v2\/pages\/143\/revisions\/248"}],"wp:attachment":[{"href":"https:\/\/dralucianadosanjos.com.br\/index.php?rest_route=%2Fwp%2Fv2%2Fmedia&parent=143"}],"curies":[{"name":"wp","href":"https:\/\/api.w.org\/{rel}","templated":true}]}}