{"id":141,"date":"2023-03-18T18:52:45","date_gmt":"2023-03-18T18:52:45","guid":{"rendered":"https:\/\/dralucianadosanjos.com.br\/?page_id=141"},"modified":"2023-10-15T19:09:30","modified_gmt":"2023-10-15T22:09:30","slug":"obstetricia","status":"publish","type":"page","link":"https:\/\/dralucianadosanjos.com.br\/?page_id=141","title":{"rendered":"Obstetr\u00edcia"},"content":{"rendered":"\n<p>Obstetr\u00edcia \u00e9 a especialidade m\u00e9dica que cuida da sa\u00fade da mulher desde o momento em que ela decide engravidar at\u00e9 o p\u00f3s-parto.<br>A palavra obstetra vem do verbo em latim obstare, que significa \u201cficar ao lado de\u201d.<\/p>\n\n\n\n<div class=\"wp-block-columns is-layout-flex wp-container-core-columns-is-layout-9d6595d7 wp-block-columns-is-layout-flex\">\n<div class=\"wp-block-column is-layout-flow wp-block-column-is-layout-flow\" style=\"flex-basis:100%\">\n<div class=\"wp-block-media-text is-stacked-on-mobile\"><figure class=\"wp-block-media-text__media\"><img fetchpriority=\"high\" decoding=\"async\" width=\"1024\" height=\"683\" src=\"http:\/\/dralucianadosanjos.com.br\/wp-content\/uploads\/2023\/10\/9d748d0c-5f3f-4a3e-b895-0acaba976d8e.jpg\" alt=\"\" class=\"wp-image-267 size-full\" srcset=\"https:\/\/dralucianadosanjos.com.br\/wp-content\/uploads\/2023\/10\/9d748d0c-5f3f-4a3e-b895-0acaba976d8e.jpg 1024w, https:\/\/dralucianadosanjos.com.br\/wp-content\/uploads\/2023\/10\/9d748d0c-5f3f-4a3e-b895-0acaba976d8e-300x200.jpg 300w, https:\/\/dralucianadosanjos.com.br\/wp-content\/uploads\/2023\/10\/9d748d0c-5f3f-4a3e-b895-0acaba976d8e-768x512.jpg 768w\" sizes=\"(max-width: 1024px) 100vw, 1024px\" \/><\/figure><div class=\"wp-block-media-text__content\">\n<p>O pr\u00e9-natal deve come\u00e7ar antes mesmo da gravidez. Quando a mulher decide gestar ela j\u00e1 deve consultar um obstetra, tanto para fazer alguns exames complementares, como para receber orienta\u00e7\u00f5es quanto \u00e0 nova fase que ela planeja entrar.<\/p>\n<\/div><\/div>\n<\/div>\n<\/div>\n\n\n\n<p><br>Durante a gesta\u00e7\u00e3o, o acompanhamento pr\u00e9-natal ir\u00e1 permitir orientar a mulher sobre os sintomas naturais da gesta\u00e7\u00e3o, diagnosticar altera\u00e7\u00f5es, bem como prevenir algumas complica\u00e7\u00f5es para este bin\u00f4mio m\u00e3e-feto.<\/p>\n\n\n\n<p>O parto \u00e9 o momento mais esperado por todas as mam\u00e3es. E por isso deve ser o mais seguro poss\u00edvel, sempre com um obstetra ao lado da parturiente.<br>Vale ainda ressaltar que o per\u00edodo p\u00f3s-parto tamb\u00e9m exige alguns cuidados e por isso n\u00e3o deve ser menosprezado.<br>Portanto, obstetra \u00e9 o m\u00e9dico que est\u00e1 ao lado da mulher durante toda a gesta\u00e7\u00e3o, cuidando para que o milagre da vida transcorra de forma segura, saud\u00e1vel e respons\u00e1vel.<\/p>\n","protected":false},"excerpt":{"rendered":"<p>Obstetr\u00edcia \u00e9 a especialidade m\u00e9dica que cuida da sa\u00fade da mulher desde o momento em que ela decide engravidar at\u00e9 o p\u00f3s-parto.A palavra obstetra vem do verbo em latim obstare, que significa \u201cficar ao lado de\u201d. O pr\u00e9-natal deve come\u00e7ar antes mesmo da gravidez. Quando a mulher decide gestar ela j\u00e1 deve consultar um obstetra, [&hellip;]<\/p>\n","protected":false},"author":1,"featured_media":0,"parent":0,"menu_order":0,"comment_status":"closed","ping_status":"closed","template":"","meta":{"footnotes":""},"class_list":["post-141","page","type-page","status-publish","hentry"],"aioseo_notices":[],"_links":{"self":[{"href":"https:\/\/dralucianadosanjos.com.br\/index.php?rest_route=\/wp\/v2\/pages\/141","targetHints":{"allow":["GET"]}}],"collection":[{"href":"https:\/\/dralucianadosanjos.com.br\/index.php?rest_route=\/wp\/v2\/pages"}],"about":[{"href":"https:\/\/dralucianadosanjos.com.br\/index.php?rest_route=\/wp\/v2\/types\/page"}],"author":[{"embeddable":true,"href":"https:\/\/dralucianadosanjos.com.br\/index.php?rest_route=\/wp\/v2\/users\/1"}],"replies":[{"embeddable":true,"href":"https:\/\/dralucianadosanjos.com.br\/index.php?rest_route=%2Fwp%2Fv2%2Fcomments&post=141"}],"version-history":[{"count":6,"href":"https:\/\/dralucianadosanjos.com.br\/index.php?rest_route=\/wp\/v2\/pages\/141\/revisions"}],"predecessor-version":[{"id":272,"href":"https:\/\/dralucianadosanjos.com.br\/index.php?rest_route=\/wp\/v2\/pages\/141\/revisions\/272"}],"wp:attachment":[{"href":"https:\/\/dralucianadosanjos.com.br\/index.php?rest_route=%2Fwp%2Fv2%2Fmedia&parent=141"}],"curies":[{"name":"wp","href":"https:\/\/api.w.org\/{rel}","templated":true}]}}