{"id":140,"date":"2023-03-18T18:52:45","date_gmt":"2023-03-18T18:52:45","guid":{"rendered":"https:\/\/dralucianadosanjos.com.br\/?page_id=140"},"modified":"2023-10-15T18:26:21","modified_gmt":"2023-10-15T21:26:21","slug":"ginecologia","status":"publish","type":"page","link":"https:\/\/dralucianadosanjos.com.br\/?page_id=140","title":{"rendered":"Ginecologia"},"content":{"rendered":"\n<p>A ginecologia \u00e9 a pr\u00e1tica da medicina que lida diretamente com a sa\u00fade do aparelho reprodutor feminino e mamas. Seu significado literal \u00e9 \u201ca ci\u00eancia da mulher\u201d.<\/p>\n\n\n\n<hr class=\"wp-block-separator has-alpha-channel-opacity\"\/>\n\n\n\n<div class=\"wp-block-media-text is-stacked-on-mobile\"><figure class=\"wp-block-media-text__media\"><img fetchpriority=\"high\" decoding=\"async\" width=\"1024\" height=\"683\" src=\"https:\/\/dralucianadosanjos.com.br\/wp-content\/uploads\/2023\/10\/IMG_9930-1024x683.jpg\" alt=\"\" class=\"wp-image-263 size-full\" srcset=\"https:\/\/dralucianadosanjos.com.br\/wp-content\/uploads\/2023\/10\/IMG_9930-1024x683.jpg 1024w, https:\/\/dralucianadosanjos.com.br\/wp-content\/uploads\/2023\/10\/IMG_9930-300x200.jpg 300w, https:\/\/dralucianadosanjos.com.br\/wp-content\/uploads\/2023\/10\/IMG_9930-768x512.jpg 768w, https:\/\/dralucianadosanjos.com.br\/wp-content\/uploads\/2023\/10\/IMG_9930-1536x1024.jpg 1536w, https:\/\/dralucianadosanjos.com.br\/wp-content\/uploads\/2023\/10\/IMG_9930-2048x1365.jpg 2048w\" sizes=\"(max-width: 1024px) 100vw, 1024px\" \/><\/figure><div class=\"wp-block-media-text__content\">\n<p>QUANDO DEVO PROCURAR UMA<br>M\u00c9DICA GINECOLOGISTA?<\/p>\n<\/div><\/div>\n\n\n\n<p>A partir da primeira menstrua\u00e7\u00e3o a mulher deve consultar um ginecologista anualmente, tanto para fazer seus exames preventivos como para receber orienta\u00e7\u00f5es sobre sua sa\u00fade ginecol\u00f3gica.<br>No momento em que a mulher decide iniciar sua vida sexual ela tamb\u00e9m deve procurar um ginecologista a fim de receber orienta\u00e7\u00f5es adequadas quanto \u00e0 contracep\u00e7\u00e3o e \u00e0 preven\u00e7\u00e3o de ISTs (Infec\u00e7\u00f5es sexualmente transmiss\u00edveis).<\/p>\n\n\n\n<p>Al\u00e9m disso, sempre que ela perceber algum sinal ou sintoma diferente em seu organismo, como por exemplo:<\/p>\n\n\n\n<ol class=\"wp-block-list\">\n<li>Corrimento<\/li>\n\n\n\n<li>C\u00f3licas menstruais muito fortes<\/li>\n\n\n\n<li>Dor, secre\u00e7\u00e3o, n\u00f3dulos nas mamas<\/li>\n\n\n\n<li>Menstrua\u00e7\u00e3o ausente ou abundante<\/li>\n\n\n\n<li>Gravidez<\/li>\n\n\n\n<li>Infertilidade<\/li>\n\n\n\n<li>Altera\u00e7\u00f5es hormonais na adolesc\u00eancia<\/li>\n\n\n\n<li>Dor durante a rela\u00e7\u00e3o sexual<\/li>\n<\/ol>\n","protected":false},"excerpt":{"rendered":"<p>A ginecologia \u00e9 a pr\u00e1tica da medicina que lida diretamente com a sa\u00fade do aparelho reprodutor feminino e mamas. Seu significado literal \u00e9 \u201ca ci\u00eancia da mulher\u201d. QUANDO DEVO PROCURAR UMAM\u00c9DICA GINECOLOGISTA? A partir da primeira menstrua\u00e7\u00e3o a mulher deve consultar um ginecologista anualmente, tanto para fazer seus exames preventivos como para receber orienta\u00e7\u00f5es sobre [&hellip;]<\/p>\n","protected":false},"author":1,"featured_media":0,"parent":0,"menu_order":0,"comment_status":"closed","ping_status":"closed","template":"","meta":{"footnotes":""},"class_list":["post-140","page","type-page","status-publish","hentry"],"aioseo_notices":[],"_links":{"self":[{"href":"https:\/\/dralucianadosanjos.com.br\/index.php?rest_route=\/wp\/v2\/pages\/140","targetHints":{"allow":["GET"]}}],"collection":[{"href":"https:\/\/dralucianadosanjos.com.br\/index.php?rest_route=\/wp\/v2\/pages"}],"about":[{"href":"https:\/\/dralucianadosanjos.com.br\/index.php?rest_route=\/wp\/v2\/types\/page"}],"author":[{"embeddable":true,"href":"https:\/\/dralucianadosanjos.com.br\/index.php?rest_route=\/wp\/v2\/users\/1"}],"replies":[{"embeddable":true,"href":"https:\/\/dralucianadosanjos.com.br\/index.php?rest_route=%2Fwp%2Fv2%2Fcomments&post=140"}],"version-history":[{"count":3,"href":"https:\/\/dralucianadosanjos.com.br\/index.php?rest_route=\/wp\/v2\/pages\/140\/revisions"}],"predecessor-version":[{"id":265,"href":"https:\/\/dralucianadosanjos.com.br\/index.php?rest_route=\/wp\/v2\/pages\/140\/revisions\/265"}],"wp:attachment":[{"href":"https:\/\/dralucianadosanjos.com.br\/index.php?rest_route=%2Fwp%2Fv2%2Fmedia&parent=140"}],"curies":[{"name":"wp","href":"https:\/\/api.w.org\/{rel}","templated":true}]}}